{"id":603,"date":"2021-11-04T05:00:38","date_gmt":"2021-11-04T05:00:38","guid":{"rendered":"https:\/\/stage.startertemplatecloud.com\/e20\/?page_id=603"},"modified":"2025-03-25T22:17:13","modified_gmt":"2025-03-25T21:17:13","slug":"music","status":"publish","type":"page","link":"https:\/\/lecoinducafetier.be\/?page_id=603","title":{"rendered":"Artisans Locaux"},"content":{"rendered":"<style>.kb-row-layout-wrap.wp-block-kadence-rowlayout.kb-row-layout-id603_82c30f-6b{margin-top:20px;margin-bottom:0px;}.kb-row-layout-id603_82c30f-6b > .kt-row-column-wrap{align-content:start;}:where(.kb-row-layout-id603_82c30f-6b > .kt-row-column-wrap) > .wp-block-kadence-column{justify-content:start;}.kb-row-layout-id603_82c30f-6b > .kt-row-column-wrap{column-gap:var(--global-kb-gap-none, 0rem );row-gap:var(--global-kb-gap-none, 0rem );max-width:1140px;margin-left:auto;margin-right:auto;padding-top:98px;padding-right:0px;padding-bottom:20px;padding-left:0px;grid-template-columns:minmax(0, 1fr);}.kb-row-layout-id603_82c30f-6b > .kt-row-layout-overlay{opacity:0.15;background-image:url('http:\/\/lecoinducafetier.be\/wp-content\/uploads\/sites\/50\/2021\/09\/pexels-\u7adf\u50b2-\u6c64-4447735.jpg');background-size:cover;background-position:center center;background-attachment:scroll;background-repeat:no-repeat;mix-blend-mode:luminosity;}@media all and (max-width: 1024px){.kb-row-layout-id603_82c30f-6b > .kt-row-column-wrap{padding-top:120px;padding-right:0px;padding-bottom:10px;padding-left:0px;grid-template-columns:minmax(0, 1fr);}}@media all and (max-width: 767px){.kb-row-layout-id603_82c30f-6b > .kt-row-column-wrap{padding-top:100px;padding-right:20px;padding-bottom:10px;padding-left:20px;grid-template-columns:minmax(0, 1fr);}}<\/style><div class=\"kb-row-layout-wrap kb-row-layout-id603_82c30f-6b alignnone kt-row-has-bg wp-block-kadence-rowlayout\"><div class=\"kt-row-layout-overlay kt-row-overlay-normal\"><\/div><div class=\"kt-row-column-wrap kt-has-1-columns kt-row-layout-equal kt-tab-layout-inherit kt-mobile-layout-row kt-row-valign-top\">\n<style>.kadence-column603_eb8da0-b0 > .kt-inside-inner-col{padding-top:0px;padding-right:0px;padding-bottom:0px;padding-left:0px;}.kadence-column603_eb8da0-b0 > .kt-inside-inner-col,.kadence-column603_eb8da0-b0 > .kt-inside-inner-col:before{border-top-left-radius:0px;border-top-right-radius:0px;border-bottom-right-radius:0px;border-bottom-left-radius:0px;}.kadence-column603_eb8da0-b0 > .kt-inside-inner-col{column-gap:var(--global-kb-gap-sm, 1rem);}.kadence-column603_eb8da0-b0 > .kt-inside-inner-col{flex-direction:column;}.kadence-column603_eb8da0-b0 > .kt-inside-inner-col > .aligncenter{width:100%;}.kadence-column603_eb8da0-b0 > .kt-inside-inner-col:before{opacity:0.3;}.kadence-column603_eb8da0-b0{position:relative;}@media all and (max-width: 1024px){.kadence-column603_eb8da0-b0 > .kt-inside-inner-col{flex-direction:column;}}@media all and (max-width: 767px){.kadence-column603_eb8da0-b0 > .kt-inside-inner-col{flex-direction:column;}}<\/style>\n<div class=\"wp-block-kadence-column kadence-column603_eb8da0-b0 inner-column-1\"><div class=\"kt-inside-inner-col\"><style>.kb-row-layout-wrap.wp-block-kadence-rowlayout.kb-row-layout-id603_0c573c-c7{margin-top:0px;margin-bottom:0px;}.kb-row-layout-id603_0c573c-c7 > .kt-row-column-wrap{align-content:start;}:where(.kb-row-layout-id603_0c573c-c7 > .kt-row-column-wrap) > .wp-block-kadence-column{justify-content:start;}.kb-row-layout-id603_0c573c-c7 > .kt-row-column-wrap{column-gap:var(--global-kb-gap-none, 0rem );row-gap:var(--global-kb-gap-none, 0rem );max-width:800px;margin-left:auto;margin-right:auto;padding-top:0px;padding-right:0px;padding-bottom:0px;padding-left:0px;grid-template-columns:minmax(0, 1fr);}.kb-row-layout-id603_0c573c-c7 > .kt-row-layout-overlay{opacity:0.30;}@media all and (max-width: 1024px){.kb-row-layout-id603_0c573c-c7 > .kt-row-column-wrap{grid-template-columns:minmax(0, 1fr);}}@media all and (max-width: 767px){.kb-row-layout-id603_0c573c-c7 > .kt-row-column-wrap{grid-template-columns:minmax(0, 1fr);}}<\/style><div class=\"kb-row-layout-wrap kb-row-layout-id603_0c573c-c7 alignnone wp-block-kadence-rowlayout\"><div class=\"kt-row-column-wrap kt-has-1-columns kt-row-layout-equal kt-tab-layout-inherit kt-mobile-layout-row kt-row-valign-top\">\n<style>.kadence-column603_185a24-43 > .kt-inside-inner-col{padding-top:10px;padding-right:10px;padding-bottom:10px;padding-left:10px;}.kadence-column603_185a24-43 > .kt-inside-inner-col,.kadence-column603_185a24-43 > .kt-inside-inner-col:before{border-top-left-radius:0px;border-top-right-radius:0px;border-bottom-right-radius:0px;border-bottom-left-radius:0px;}.kadence-column603_185a24-43 > .kt-inside-inner-col{column-gap:var(--global-kb-gap-sm, 1rem);}.kadence-column603_185a24-43 > .kt-inside-inner-col{flex-direction:column;}.kadence-column603_185a24-43 > .kt-inside-inner-col > .aligncenter{width:100%;}.kadence-column603_185a24-43 > .kt-inside-inner-col:before{opacity:0.3;}.kadence-column603_185a24-43{position:relative;}@media all and (max-width: 1024px){.kadence-column603_185a24-43 > .kt-inside-inner-col{flex-direction:column;}}@media all and (max-width: 767px){.kadence-column603_185a24-43 > .kt-inside-inner-col{flex-direction:column;}}<\/style>\n<div class=\"wp-block-kadence-column kadence-column603_185a24-43 inner-column-1\"><div class=\"kt-inside-inner-col\"><style>.wp-block-kadence-advancedheading.kt-adv-heading603_fa9009-96, .wp-block-kadence-advancedheading.kt-adv-heading603_fa9009-96[data-kb-block=\"kb-adv-heading603_fa9009-96\"]{margin-top:0px;margin-right:0px;margin-bottom:20px;margin-left:0px;text-align:center;line-height:1em;font-style:normal;}.wp-block-kadence-advancedheading.kt-adv-heading603_fa9009-96 mark.kt-highlight, .wp-block-kadence-advancedheading.kt-adv-heading603_fa9009-96[data-kb-block=\"kb-adv-heading603_fa9009-96\"] mark.kt-highlight{font-style:normal;color:#f76a0c;-webkit-box-decoration-break:clone;box-decoration-break:clone;padding-top:0px;padding-right:0px;padding-bottom:0px;padding-left:0px;}@media all and (max-width: 1024px){.wp-block-kadence-advancedheading.kt-adv-heading603_fa9009-96, .wp-block-kadence-advancedheading.kt-adv-heading603_fa9009-96[data-kb-block=\"kb-adv-heading603_fa9009-96\"]{margin-bottom:17px;}}@media all and (max-width: 767px){.wp-block-kadence-advancedheading.kt-adv-heading603_fa9009-96, .wp-block-kadence-advancedheading.kt-adv-heading603_fa9009-96[data-kb-block=\"kb-adv-heading603_fa9009-96\"]{margin-bottom:30px;}}<\/style>\n<h1 class=\"kt-adv-heading603_fa9009-96 wp-block-kadence-advancedheading\" data-kb-block=\"kb-adv-heading603_fa9009-96\">Artisans locaux\u200b<\/h1>\n\n\n<style>.wp-block-kadence-advancedheading.kt-adv-heading603_dabf3f-df, .wp-block-kadence-advancedheading.kt-adv-heading603_dabf3f-df[data-kb-block=\"kb-adv-heading603_dabf3f-df\"]{text-align:center;font-style:normal;}.wp-block-kadence-advancedheading.kt-adv-heading603_dabf3f-df mark.kt-highlight, .wp-block-kadence-advancedheading.kt-adv-heading603_dabf3f-df[data-kb-block=\"kb-adv-heading603_dabf3f-df\"] mark.kt-highlight{font-style:normal;color:#f76a0c;-webkit-box-decoration-break:clone;box-decoration-break:clone;padding-top:0px;padding-right:0px;padding-bottom:0px;padding-left:0px;}<\/style>\n<p class=\"kt-adv-heading603_dabf3f-df wp-block-kadence-advancedheading\" data-kb-block=\"kb-adv-heading603_dabf3f-df\">Salut les passionn\u00e9(e)s de bons breuvages !<br>Vous \u00eates un(e) producteur(trice) local(e) de bi\u00e8res artisanales, d&rsquo;alcools ou de spiritueux et vous r\u00eavez de faire d\u00e9couvrir vos p\u00e9pites \u00e0 un public plus large ?<br><br><strong>Le Coin du Cafetier est l\u00e0 pour vous !<\/strong><\/p>\n\n\n\n<p>On cherche des gens comme vous, qui mettent du c\u0153ur \u00e0 l&rsquo;ouvrage et qui veulent :<\/p>\n\n\n\n<ul class=\"wp-block-list\">\n<li>Booster leur visibilit\u00e9 dans le coin et au-del\u00e0.<\/li>\n\n\n\n<li>D\u00e9velopper leur activit\u00e9.<\/li>\n\n\n\n<li>Partager leur amour des bonnes choses avec des connaisseurs et des curieux.<\/li>\n<\/ul>\n\n\n\n<p>Chez Le Coin du Cafetier, on s&rsquo;engage \u00e0 :<\/p>\n\n\n\n<ul class=\"wp-block-list\">\n<li>Mettre en avant vos produits.<\/li>\n\n\n\n<li>Faire conna\u00eetre votre marque aupr\u00e8s de notre communaut\u00e9 de connaisseurs.<\/li>\n\n\n\n<li>Simplifier la vente en ligne pour que vous puissiez vous concentrer sur ce que vous faites de mieux.<\/li>\n<\/ul>\n\n\n\n<p class=\"has-text-align-center\">Alors, si vous \u00eates pr\u00eat(e) \u00e0 rejoindre l&rsquo;aventure c&rsquo;est maintenant.<br>Ensemble, on va faire mousser les saveurs de notre r\u00e9gion !!!!<\/p>\n\n\n<style>.wp-block-kadence-advancedbtn.kb-btns603_97768a-77{gap:var(--global-kb-gap-xs, 0.5rem );justify-content:center;align-items:center;}.kt-btns603_97768a-77 .kt-button{font-weight:normal;font-style:normal;}<\/style>\n<div class=\"wp-block-kadence-advancedbtn kb-buttons-wrap kb-btns603_97768a-77\"><style>ul.menu .wp-block-kadence-advancedbtn .kb-btn603_41a21f-e3.kb-button{width:initial;}@media all and (max-width: 1024px){.kb-btn603_41a21f-e3.kb-button .kb-svg-icon-wrap{display:block;}}<\/style><a class=\"kb-button kt-button button kb-btn603_41a21f-e3 kt-btn-size-standard kt-btn-width-type-auto kb-btn-global-inherit kt-btn-has-text-true kt-btn-has-svg-false wp-block-button__link wp-block-kadence-singlebtn\" href=\"http:\/\/www.lecoinducafetier.be\/?page_id=659\"><span class=\"kt-btn-inner-text\">contact\u200b<\/span><\/a><\/div>\n<\/div><\/div>\n\n<\/div><\/div><\/div><\/div>\n\n<\/div><\/div>\n\n\n<h2 class=\"wp-block-heading has-text-align-center has-theme-palette-1-color has-text-color has-link-color wp-elements-89608f95effed916e0c28fec2fde9bfc\">En font d\u00e9j\u00e0 partie&#8230;<\/h2>\n\n\n<ul class=\"wp-block-latest-posts__list is-grid columns-3 has-author wp-block-latest-posts\"><li><div class=\"wp-block-latest-posts__featured-image\"><a href=\"https:\/\/lecoinducafetier.be\/?p=1507\" aria-label=\"Artisan 4 : en construction\"><img loading=\"lazy\" decoding=\"async\" width=\"300\" height=\"188\" src=\"https:\/\/lecoinducafetier.be\/wp-content\/uploads\/TMP-Artisan-004-1-300x188.jpg\" class=\"attachment-medium size-medium wp-post-image\" alt=\"\" style=\"max-width:800px;max-height:600px;\" srcset=\"https:\/\/lecoinducafetier.be\/wp-content\/uploads\/TMP-Artisan-004-1-300x188.jpg 300w, https:\/\/lecoinducafetier.be\/wp-content\/uploads\/TMP-Artisan-004-1-768x480.jpg 768w, https:\/\/lecoinducafetier.be\/wp-content\/uploads\/TMP-Artisan-004-1.jpg 800w\" sizes=\"auto, (max-width: 300px) 100vw, 300px\" \/><\/a><\/div><a class=\"wp-block-latest-posts__post-title\" href=\"https:\/\/lecoinducafetier.be\/?p=1507\">Artisan 4 : en construction<\/a><div class=\"wp-block-latest-posts__post-author\">par NosArtisans<\/div><div class=\"wp-block-latest-posts__post-excerpt\">Points forts de cet artisan Lorem ipsum dolor sit amet, consectetur adipiscing elit, sed do eiusmod tempor incididunt ut labore et dolore magna aliqua. Ut enim ad minim veniam, quis&#8230;<\/div><\/li>\n<li><div class=\"wp-block-latest-posts__featured-image\"><a href=\"https:\/\/lecoinducafetier.be\/?p=1505\" aria-label=\"Artisan 3 : en construction\"><img loading=\"lazy\" decoding=\"async\" width=\"300\" height=\"188\" src=\"https:\/\/lecoinducafetier.be\/wp-content\/uploads\/TMP-Artisan-003-1-300x188.jpg\" class=\"attachment-medium size-medium wp-post-image\" alt=\"\" style=\"max-width:800px;max-height:600px;\" srcset=\"https:\/\/lecoinducafetier.be\/wp-content\/uploads\/TMP-Artisan-003-1-300x188.jpg 300w, https:\/\/lecoinducafetier.be\/wp-content\/uploads\/TMP-Artisan-003-1-768x480.jpg 768w, https:\/\/lecoinducafetier.be\/wp-content\/uploads\/TMP-Artisan-003-1.jpg 800w\" sizes=\"auto, (max-width: 300px) 100vw, 300px\" \/><\/a><\/div><a class=\"wp-block-latest-posts__post-title\" href=\"https:\/\/lecoinducafetier.be\/?p=1505\">Artisan 3 : en construction<\/a><div class=\"wp-block-latest-posts__post-author\">par NosArtisans<\/div><div class=\"wp-block-latest-posts__post-excerpt\">Points forts de cet artisan Lorem ipsum dolor sit amet, consectetur adipiscing elit, sed do eiusmod tempor incididunt ut labore et dolore magna aliqua. Ut enim ad minim veniam, quis&#8230;<\/div><\/li>\n<li><div class=\"wp-block-latest-posts__featured-image\"><a href=\"https:\/\/lecoinducafetier.be\/?p=1503\" aria-label=\"Artisan 2 : en construction\"><img loading=\"lazy\" decoding=\"async\" width=\"300\" height=\"188\" src=\"https:\/\/lecoinducafetier.be\/wp-content\/uploads\/TMP-Artisan-002-1-300x188.jpg\" class=\"attachment-medium size-medium wp-post-image\" alt=\"\" style=\"max-width:800px;max-height:600px;\" srcset=\"https:\/\/lecoinducafetier.be\/wp-content\/uploads\/TMP-Artisan-002-1-300x188.jpg 300w, https:\/\/lecoinducafetier.be\/wp-content\/uploads\/TMP-Artisan-002-1-768x480.jpg 768w, https:\/\/lecoinducafetier.be\/wp-content\/uploads\/TMP-Artisan-002-1.jpg 800w\" sizes=\"auto, (max-width: 300px) 100vw, 300px\" \/><\/a><\/div><a class=\"wp-block-latest-posts__post-title\" href=\"https:\/\/lecoinducafetier.be\/?p=1503\">Artisan 2 : en construction<\/a><div class=\"wp-block-latest-posts__post-author\">par NosArtisans<\/div><div class=\"wp-block-latest-posts__post-excerpt\">Points forts de cet artisan Lorem ipsum dolor sit amet, consectetur adipiscing elit, sed do eiusmod tempor incididunt ut labore et dolore magna aliqua. Ut enim ad minim veniam, quis&#8230;<\/div><\/li>\n<li><div class=\"wp-block-latest-posts__featured-image\"><a href=\"https:\/\/lecoinducafetier.be\/?p=1490\" aria-label=\"Le Raffaelia : Rhum \u00e9pic\u00e9 artisanal\"><img loading=\"lazy\" decoding=\"async\" width=\"225\" height=\"300\" src=\"https:\/\/lecoinducafetier.be\/wp-content\/uploads\/LCDC-ALC004-RAFFAELIA-Rhum_r-225x300.jpg\" class=\"attachment-medium size-medium wp-post-image\" alt=\"\" style=\"max-width:800px;max-height:600px;\" srcset=\"https:\/\/lecoinducafetier.be\/wp-content\/uploads\/LCDC-ALC004-RAFFAELIA-Rhum_r-225x300.jpg 225w, https:\/\/lecoinducafetier.be\/wp-content\/uploads\/LCDC-ALC004-RAFFAELIA-Rhum_r.jpg 768w\" sizes=\"auto, (max-width: 225px) 100vw, 225px\" \/><\/a><\/div><a class=\"wp-block-latest-posts__post-title\" href=\"https:\/\/lecoinducafetier.be\/?p=1490\">Le Raffaelia : Rhum \u00e9pic\u00e9 artisanal<\/a><div class=\"wp-block-latest-posts__post-author\">par NosArtisans<\/div><div class=\"wp-block-latest-posts__post-excerpt\">conseils de d\u00e9gustation Pour sublimer les ar\u00f4mes complexes de ce rhum \u00e9pic\u00e9 artisanal, laissez fondre quelques copeaux de chocolat noir 70 % sur votre palais avant chaque gorg\u00e9e. L\u2019amertume du&#8230;<\/div><\/li>\n<\/ul>","protected":false},"excerpt":{"rendered":"<p>Artisans locaux\u200b Salut les passionn\u00e9(e)s de bons breuvages !Vous \u00eates un(e) producteur(trice) local(e) de bi\u00e8res artisanales, d&rsquo;alcools ou de spiritueux et vous r\u00eavez de faire d\u00e9couvrir vos p\u00e9pites \u00e0 un&#8230;<\/p>\n","protected":false},"author":2,"featured_media":870,"parent":0,"menu_order":0,"comment_status":"closed","ping_status":"closed","template":"","meta":{"_price":"","_stock":"","_tribe_ticket_header":"","_tribe_default_ticket_provider":"","_tribe_ticket_capacity":"0","_ticket_start_date":"","_ticket_end_date":"","_tribe_ticket_show_description":"","_tribe_ticket_show_not_going":false,"_tribe_ticket_use_global_stock":"","_tribe_ticket_global_stock_level":"","_global_stock_mode":"","_global_stock_cap":"","_tribe_rsvp_for_event":"","_tribe_ticket_going_count":"","_tribe_ticket_not_going_count":"","_tribe_tickets_list":"[]","_tribe_ticket_has_attendee_info_fields":false,"_EventAllDay":false,"_EventTimezone":"","_EventStartDate":"","_EventEndDate":"","_EventStartDateUTC":"","_EventEndDateUTC":"","_EventShowMap":false,"_EventShowMapLink":false,"_EventURL":"","_EventCost":"","_EventCostDescription":"","_EventCurrencySymbol":"","_EventCurrencyCode":"","_EventCurrencyPosition":"","_EventDateTimeSeparator":"","_EventTimeRangeSeparator":"","_EventOrganizerID":[],"_EventVenueID":[],"_OrganizerEmail":"","_OrganizerPhone":"","_OrganizerWebsite":"","_VenueAddress":"","_VenueCity":"","_VenueCountry":"","_VenueProvince":"","_VenueState":"","_VenueZip":"","_VenuePhone":"","_VenueURL":"","_VenueStateProvince":"","_VenueLat":"","_VenueLng":"","_VenueShowMap":false,"_VenueShowMapLink":false,"_kadence_starter_templates_imported_post":true,"_kad_post_transparent":"","_kad_post_title":"hide","_kad_post_layout":"default","_kad_post_sidebar_id":"","_kad_post_content_style":"boxed","_kad_post_vertical_padding":"hide","_kad_post_feature":"hide","_kad_post_feature_position":"","_kad_post_header":false,"_kad_post_footer":false,"footnotes":"","_tec_slr_enabled":"","_tec_slr_layout":""},"class_list":["post-603","page","type-page","status-publish","has-post-thumbnail","hentry"],"ticketed":false,"_links":{"self":[{"href":"https:\/\/lecoinducafetier.be\/index.php?rest_route=\/wp\/v2\/pages\/603","targetHints":{"allow":["GET"]}}],"collection":[{"href":"https:\/\/lecoinducafetier.be\/index.php?rest_route=\/wp\/v2\/pages"}],"about":[{"href":"https:\/\/lecoinducafetier.be\/index.php?rest_route=\/wp\/v2\/types\/page"}],"author":[{"embeddable":true,"href":"https:\/\/lecoinducafetier.be\/index.php?rest_route=\/wp\/v2\/users\/2"}],"replies":[{"embeddable":true,"href":"https:\/\/lecoinducafetier.be\/index.php?rest_route=%2Fwp%2Fv2%2Fcomments&post=603"}],"version-history":[{"count":27,"href":"https:\/\/lecoinducafetier.be\/index.php?rest_route=\/wp\/v2\/pages\/603\/revisions"}],"predecessor-version":[{"id":2166,"href":"https:\/\/lecoinducafetier.be\/index.php?rest_route=\/wp\/v2\/pages\/603\/revisions\/2166"}],"wp:featuredmedia":[{"embeddable":true,"href":"https:\/\/lecoinducafetier.be\/index.php?rest_route=\/wp\/v2\/media\/870"}],"wp:attachment":[{"href":"https:\/\/lecoinducafetier.be\/index.php?rest_route=%2Fwp%2Fv2%2Fmedia&parent=603"}],"curies":[{"name":"wp","href":"https:\/\/api.w.org\/{rel}","templated":true}]}}