{"id":2267,"date":"2025-03-27T00:58:56","date_gmt":"2025-03-26T23:58:56","guid":{"rendered":"https:\/\/lecoinducafetier.be\/?page_id=2267"},"modified":"2025-03-27T01:24:01","modified_gmt":"2025-03-27T00:24:01","slug":"nos-series","status":"publish","type":"page","link":"https:\/\/lecoinducafetier.be\/?page_id=2267","title":{"rendered":"Nos S\u00e9ries"},"content":{"rendered":"<style>.kb-row-layout-wrap.wp-block-kadence-rowlayout.kb-row-layout-id2267_0d7324-50{margin-top:20px;margin-bottom:0px;}.kb-row-layout-id2267_0d7324-50 > .kt-row-column-wrap{align-content:start;}:where(.kb-row-layout-id2267_0d7324-50 > .kt-row-column-wrap) > .wp-block-kadence-column{justify-content:start;}.kb-row-layout-id2267_0d7324-50 > .kt-row-column-wrap{column-gap:var(--global-kb-gap-none, 0rem );row-gap:var(--global-kb-gap-none, 0rem );max-width:1140px;margin-left:auto;margin-right:auto;padding-top:98px;padding-right:0px;padding-bottom:20px;padding-left:0px;grid-template-columns:minmax(0, 1fr);}.kb-row-layout-id2267_0d7324-50 > .kt-row-layout-overlay{opacity:0.15;background-image:url('http:\/\/lecoinducafetier.be\/wp-content\/uploads\/sites\/50\/2021\/09\/pexels-\u7adf\u50b2-\u6c64-4447735.jpg');background-size:cover;background-position:center center;background-attachment:scroll;background-repeat:no-repeat;mix-blend-mode:luminosity;}@media all and (max-width: 1024px){.kb-row-layout-id2267_0d7324-50 > .kt-row-column-wrap{padding-top:120px;padding-right:0px;padding-bottom:10px;padding-left:0px;grid-template-columns:minmax(0, 1fr);}}@media all and (max-width: 767px){.kb-row-layout-id2267_0d7324-50 > .kt-row-column-wrap{padding-top:100px;padding-right:20px;padding-bottom:10px;padding-left:20px;grid-template-columns:minmax(0, 1fr);}}<\/style><div class=\"kb-row-layout-wrap kb-row-layout-id2267_0d7324-50 alignnone kt-row-has-bg wp-block-kadence-rowlayout\"><div class=\"kt-row-layout-overlay kt-row-overlay-normal\"><\/div><div class=\"kt-row-column-wrap kt-has-1-columns kt-row-layout-equal kt-tab-layout-inherit kt-mobile-layout-row kt-row-valign-top\">\n<style>.kadence-column2267_cecf2f-ab > .kt-inside-inner-col{padding-top:0px;padding-right:0px;padding-bottom:0px;padding-left:0px;}.kadence-column2267_cecf2f-ab > .kt-inside-inner-col,.kadence-column2267_cecf2f-ab > .kt-inside-inner-col:before{border-top-left-radius:0px;border-top-right-radius:0px;border-bottom-right-radius:0px;border-bottom-left-radius:0px;}.kadence-column2267_cecf2f-ab > .kt-inside-inner-col{column-gap:var(--global-kb-gap-sm, 1rem);}.kadence-column2267_cecf2f-ab > .kt-inside-inner-col{flex-direction:column;}.kadence-column2267_cecf2f-ab > .kt-inside-inner-col > .aligncenter{width:100%;}.kadence-column2267_cecf2f-ab > .kt-inside-inner-col:before{opacity:0.3;}.kadence-column2267_cecf2f-ab{position:relative;}@media all and (max-width: 1024px){.kadence-column2267_cecf2f-ab > .kt-inside-inner-col{flex-direction:column;}}@media all and (max-width: 767px){.kadence-column2267_cecf2f-ab > .kt-inside-inner-col{flex-direction:column;}}<\/style>\n<div class=\"wp-block-kadence-column kadence-column2267_cecf2f-ab inner-column-1\"><div class=\"kt-inside-inner-col\"><style>.kb-row-layout-wrap.wp-block-kadence-rowlayout.kb-row-layout-id2267_9a39c5-ff{margin-top:0px;margin-bottom:0px;}.kb-row-layout-id2267_9a39c5-ff > .kt-row-column-wrap{align-content:start;}:where(.kb-row-layout-id2267_9a39c5-ff > .kt-row-column-wrap) > .wp-block-kadence-column{justify-content:start;}.kb-row-layout-id2267_9a39c5-ff > .kt-row-column-wrap{column-gap:var(--global-kb-gap-none, 0rem );row-gap:var(--global-kb-gap-none, 0rem );max-width:500px;margin-left:auto;margin-right:auto;padding-top:0px;padding-right:0px;padding-bottom:0px;padding-left:0px;grid-template-columns:minmax(0, 1fr);}.kb-row-layout-id2267_9a39c5-ff > .kt-row-layout-overlay{opacity:0.30;}@media all and (max-width: 1024px){.kb-row-layout-id2267_9a39c5-ff > .kt-row-column-wrap{grid-template-columns:minmax(0, 1fr);}}@media all and (max-width: 767px){.kb-row-layout-id2267_9a39c5-ff > .kt-row-column-wrap{grid-template-columns:minmax(0, 1fr);}}<\/style><div class=\"kb-row-layout-wrap kb-row-layout-id2267_9a39c5-ff alignnone wp-block-kadence-rowlayout\"><div class=\"kt-row-column-wrap kt-has-1-columns kt-row-layout-equal kt-tab-layout-inherit kt-mobile-layout-row kt-row-valign-top\">\n<style>.kadence-column2267_dd2219-8e > .kt-inside-inner-col{padding-top:10px;padding-right:10px;padding-bottom:10px;padding-left:10px;}.kadence-column2267_dd2219-8e > .kt-inside-inner-col,.kadence-column2267_dd2219-8e > .kt-inside-inner-col:before{border-top-left-radius:0px;border-top-right-radius:0px;border-bottom-right-radius:0px;border-bottom-left-radius:0px;}.kadence-column2267_dd2219-8e > .kt-inside-inner-col{column-gap:var(--global-kb-gap-sm, 1rem);}.kadence-column2267_dd2219-8e > .kt-inside-inner-col{flex-direction:column;}.kadence-column2267_dd2219-8e > .kt-inside-inner-col > .aligncenter{width:100%;}.kadence-column2267_dd2219-8e > .kt-inside-inner-col:before{opacity:0.3;}.kadence-column2267_dd2219-8e{position:relative;}@media all and (max-width: 1024px){.kadence-column2267_dd2219-8e > .kt-inside-inner-col{flex-direction:column;}}@media all and (max-width: 767px){.kadence-column2267_dd2219-8e > .kt-inside-inner-col{flex-direction:column;}}<\/style>\n<div class=\"wp-block-kadence-column kadence-column2267_dd2219-8e inner-column-1\"><div class=\"kt-inside-inner-col\"><style>.wp-block-kadence-advancedheading.kt-adv-heading2267_b072fd-95, .wp-block-kadence-advancedheading.kt-adv-heading2267_b072fd-95[data-kb-block=\"kb-adv-heading2267_b072fd-95\"]{margin-top:0px;margin-right:0px;margin-bottom:20px;margin-left:0px;text-align:center;line-height:1em;font-style:normal;}.wp-block-kadence-advancedheading.kt-adv-heading2267_b072fd-95 mark.kt-highlight, .wp-block-kadence-advancedheading.kt-adv-heading2267_b072fd-95[data-kb-block=\"kb-adv-heading2267_b072fd-95\"] mark.kt-highlight{font-style:normal;color:#f76a0c;-webkit-box-decoration-break:clone;box-decoration-break:clone;padding-top:0px;padding-right:0px;padding-bottom:0px;padding-left:0px;}@media all and (max-width: 1024px){.wp-block-kadence-advancedheading.kt-adv-heading2267_b072fd-95, .wp-block-kadence-advancedheading.kt-adv-heading2267_b072fd-95[data-kb-block=\"kb-adv-heading2267_b072fd-95\"]{margin-bottom:17px;}}@media all and (max-width: 767px){.wp-block-kadence-advancedheading.kt-adv-heading2267_b072fd-95, .wp-block-kadence-advancedheading.kt-adv-heading2267_b072fd-95[data-kb-block=\"kb-adv-heading2267_b072fd-95\"]{margin-bottom:30px;}}<\/style>\n<h1 class=\"kt-adv-heading2267_b072fd-95 wp-block-kadence-advancedheading\" data-kb-block=\"kb-adv-heading2267_b072fd-95\">Nos S\u00e9ries\u200b<\/h1>\n\n\n<style>.wp-block-kadence-advancedheading.kt-adv-heading2267_6cd649-18, .wp-block-kadence-advancedheading.kt-adv-heading2267_6cd649-18[data-kb-block=\"kb-adv-heading2267_6cd649-18\"]{text-align:center;font-style:normal;}.wp-block-kadence-advancedheading.kt-adv-heading2267_6cd649-18 mark.kt-highlight, .wp-block-kadence-advancedheading.kt-adv-heading2267_6cd649-18[data-kb-block=\"kb-adv-heading2267_6cd649-18\"] mark.kt-highlight{font-style:normal;color:#f76a0c;-webkit-box-decoration-break:clone;box-decoration-break:clone;padding-top:0px;padding-right:0px;padding-bottom:0px;padding-left:0px;}<\/style>\n<p class=\"kt-adv-heading2267_6cd649-18 wp-block-kadence-advancedheading\" data-kb-block=\"kb-adv-heading2267_6cd649-18\">Bienvenue dans l&rsquo;espace d\u00e9di\u00e9 \u00e0 nos s\u00e9ries de cartes.<br>Pour toute information, nous vous invitons \u00e0 nous contacter et c&rsquo;est avec plaisir que nous en parlerons ensemble.<\/p>\n\n\n<style>.wp-block-kadence-advancedbtn.kb-btns2267_80bad6-ec{gap:var(--global-kb-gap-xs, 0.5rem );justify-content:center;align-items:center;}.kt-btns2267_80bad6-ec .kt-button{font-weight:normal;font-style:normal;}<\/style>\n<div class=\"wp-block-kadence-advancedbtn kb-buttons-wrap kb-btns2267_80bad6-ec\"><style>ul.menu .wp-block-kadence-advancedbtn .kb-btn2267_67d95b-b5.kb-button{width:initial;}@media all and (max-width: 1024px){.kb-btn2267_67d95b-b5.kb-button .kb-svg-icon-wrap{display:block;}}<\/style><a class=\"kb-button kt-button button kb-btn2267_67d95b-b5 kt-btn-size-standard kt-btn-width-type-auto kb-btn-global-inherit kt-btn-has-text-true kt-btn-has-svg-false wp-block-button__link wp-block-kadence-singlebtn\" href=\"http:\/\/www.lecoinducafetier.be\/?page_id=659\"><span class=\"kt-btn-inner-text\">contact\u200b<\/span><\/a><\/div>\n<\/div><\/div>\n\n<\/div><\/div><\/div><\/div>\n\n<\/div><\/div>\n\n\n<h2 class=\"wp-block-heading has-text-align-center has-theme-palette-1-color has-text-color has-link-color wp-elements-2eeca3792908b69a34a53ad6672b9f67\" style=\"margin-top:0;margin-bottom:0\">Pas de doute&#8230;Vous \u00eates sur la bonne page !<\/h2>\n\n\n<ul class=\"wp-block-latest-posts__list is-grid columns-3 has-author wp-block-latest-posts\"><li><div class=\"wp-block-latest-posts__featured-image\"><a href=\"https:\/\/lecoinducafetier.be\/?p=2263\" aria-label=\"S\u00e9rie One Piece\u00a9 \u2013 OP10-016\"><img loading=\"lazy\" decoding=\"async\" width=\"225\" height=\"300\" src=\"https:\/\/lecoinducafetier.be\/wp-content\/uploads\/OP-006Bs-225x300.jpg\" class=\"attachment-medium size-medium wp-post-image\" alt=\"\" style=\"max-width:800px;max-height:600px;\" srcset=\"https:\/\/lecoinducafetier.be\/wp-content\/uploads\/OP-006Bs-225x300.jpg 225w, https:\/\/lecoinducafetier.be\/wp-content\/uploads\/OP-006Bs.jpg 768w\" sizes=\"auto, (max-width: 225px) 100vw, 225px\" \/><\/a><\/div><a class=\"wp-block-latest-posts__post-title\" href=\"https:\/\/lecoinducafetier.be\/?p=2263\">S\u00e9rie One Piece\u00a9 \u2013 OP10-016<\/a><div class=\"wp-block-latest-posts__post-author\">par NosSeries<\/div><div class=\"wp-block-latest-posts__post-excerpt\">Avis \u00e0 tous les passionn\u00e9s de cartes One Piece\u00a9 !Le Coin du Cafetier vous pr\u00e9sente ses s\u00e9ries uniques.Restez connect\u00e9s pour ne manquer aucune de nos nouveaut\u00e9s et offres sp\u00e9ciales !&#8230;<\/div><\/li>\n<li><div class=\"wp-block-latest-posts__featured-image\"><a href=\"https:\/\/lecoinducafetier.be\/?p=2265\" aria-label=\"S\u00e9rie One Piece\u00a9 \u2013 The Best\"><img loading=\"lazy\" decoding=\"async\" width=\"225\" height=\"300\" src=\"https:\/\/lecoinducafetier.be\/wp-content\/uploads\/OP-001Bs-225x300.jpg\" class=\"attachment-medium size-medium wp-post-image\" alt=\"\" style=\"max-width:800px;max-height:600px;\" srcset=\"https:\/\/lecoinducafetier.be\/wp-content\/uploads\/OP-001Bs-225x300.jpg 225w, https:\/\/lecoinducafetier.be\/wp-content\/uploads\/OP-001Bs.jpg 768w\" sizes=\"auto, (max-width: 225px) 100vw, 225px\" \/><\/a><\/div><a class=\"wp-block-latest-posts__post-title\" href=\"https:\/\/lecoinducafetier.be\/?p=2265\">S\u00e9rie One Piece\u00a9 \u2013 The Best<\/a><div class=\"wp-block-latest-posts__post-author\">par NosSeries<\/div><div class=\"wp-block-latest-posts__post-excerpt\">Avis \u00e0 tous les passionn\u00e9s de cartes One Piece\u00a9 !Le Coin du Cafetier vous pr\u00e9sente ses s\u00e9ries uniques.Restez connect\u00e9s pour ne manquer aucune de nos nouveaut\u00e9s et offres sp\u00e9ciales !&#8230;<\/div><\/li>\n<li><div class=\"wp-block-latest-posts__featured-image\"><a href=\"https:\/\/lecoinducafetier.be\/?p=2272\" aria-label=\"S\u00e9rie Pok\u00e9mon\u00a9 \u2013 \u00c9carlate et Violet\"><img loading=\"lazy\" decoding=\"async\" width=\"225\" height=\"300\" src=\"https:\/\/lecoinducafetier.be\/wp-content\/uploads\/PK-001Bs-225x300.jpg\" class=\"attachment-medium size-medium wp-post-image\" alt=\"\" style=\"max-width:800px;max-height:600px;\" srcset=\"https:\/\/lecoinducafetier.be\/wp-content\/uploads\/PK-001Bs-225x300.jpg 225w, https:\/\/lecoinducafetier.be\/wp-content\/uploads\/PK-001Bs.jpg 768w\" sizes=\"auto, (max-width: 225px) 100vw, 225px\" \/><\/a><\/div><a class=\"wp-block-latest-posts__post-title\" href=\"https:\/\/lecoinducafetier.be\/?p=2272\">S\u00e9rie Pok\u00e9mon\u00a9 \u2013 \u00c9carlate et Violet<\/a><div class=\"wp-block-latest-posts__post-author\">par NosSeries<\/div><div class=\"wp-block-latest-posts__post-excerpt\">Avis \u00e0 tous les passionn\u00e9s de cartes Pok\u00e9mon\u00a9 !Le Coin du Cafetier vous pr\u00e9sente ses s\u00e9ries uniques.Restez connect\u00e9s pour ne manquer aucune de nos nouveaut\u00e9s et offres sp\u00e9ciales ! Cette&#8230;<\/div><\/li>\n<li><div class=\"wp-block-latest-posts__featured-image\"><a href=\"https:\/\/lecoinducafetier.be\/?p=2274\" aria-label=\"S\u00e9rie Pok\u00e9mon\u00a9 \u2013 \u00c9p\u00e9e et Bouclier\"><img loading=\"lazy\" decoding=\"async\" width=\"225\" height=\"300\" src=\"https:\/\/lecoinducafetier.be\/wp-content\/uploads\/PK-003Bs-225x300.jpg\" class=\"attachment-medium size-medium wp-post-image\" alt=\"\" style=\"max-width:800px;max-height:600px;\" srcset=\"https:\/\/lecoinducafetier.be\/wp-content\/uploads\/PK-003Bs-225x300.jpg 225w, https:\/\/lecoinducafetier.be\/wp-content\/uploads\/PK-003Bs.jpg 768w\" sizes=\"auto, (max-width: 225px) 100vw, 225px\" \/><\/a><\/div><a class=\"wp-block-latest-posts__post-title\" href=\"https:\/\/lecoinducafetier.be\/?p=2274\">S\u00e9rie Pok\u00e9mon\u00a9 \u2013 \u00c9p\u00e9e et Bouclier<\/a><div class=\"wp-block-latest-posts__post-author\">par NosSeries<\/div><div class=\"wp-block-latest-posts__post-excerpt\">Avis \u00e0 tous les passionn\u00e9s de cartes Pok\u00e9mon\u00a9 !Le Coin du Cafetier vous pr\u00e9sente ses s\u00e9ries uniques.Restez connect\u00e9s pour ne manquer aucune de nos nouveaut\u00e9s et offres sp\u00e9ciales ! Cette&#8230;<\/div><\/li>\n<\/ul>","protected":false},"excerpt":{"rendered":"<p>Nos S\u00e9ries\u200b Bienvenue dans l&rsquo;espace d\u00e9di\u00e9 \u00e0 nos s\u00e9ries de cartes.Pour toute information, nous vous invitons \u00e0 nous contacter et c&rsquo;est avec plaisir que nous en parlerons ensemble. Pas de&#8230;<\/p>\n","protected":false},"author":2,"featured_media":870,"parent":0,"menu_order":0,"comment_status":"closed","ping_status":"closed","template":"","meta":{"_price":"","_stock":"","_tribe_ticket_header":"","_tribe_default_ticket_provider":"","_tribe_ticket_capacity":"0","_ticket_start_date":"","_ticket_end_date":"","_tribe_ticket_show_description":"","_tribe_ticket_show_not_going":false,"_tribe_ticket_use_global_stock":"","_tribe_ticket_global_stock_level":"","_global_stock_mode":"","_global_stock_cap":"","_tribe_rsvp_for_event":"","_tribe_ticket_going_count":"","_tribe_ticket_not_going_count":"","_tribe_tickets_list":"[]","_tribe_ticket_has_attendee_info_fields":false,"_EventAllDay":false,"_EventTimezone":"","_EventStartDate":"","_EventEndDate":"","_EventStartDateUTC":"","_EventEndDateUTC":"","_EventShowMap":false,"_EventShowMapLink":false,"_EventURL":"","_EventCost":"","_EventCostDescription":"","_EventCurrencySymbol":"","_EventCurrencyCode":"","_EventCurrencyPosition":"","_EventDateTimeSeparator":"","_EventTimeRangeSeparator":"","_EventOrganizerID":[],"_EventVenueID":[],"_OrganizerEmail":"","_OrganizerPhone":"","_OrganizerWebsite":"","_VenueAddress":"","_VenueCity":"","_VenueCountry":"","_VenueProvince":"","_VenueState":"","_VenueZip":"","_VenuePhone":"","_VenueURL":"","_VenueStateProvince":"","_VenueLat":"","_VenueLng":"","_VenueShowMap":false,"_VenueShowMapLink":false,"_kadence_starter_templates_imported_post":true,"_kad_post_transparent":"","_kad_post_title":"hide","_kad_post_layout":"default","_kad_post_sidebar_id":"","_kad_post_content_style":"boxed","_kad_post_vertical_padding":"hide","_kad_post_feature":"hide","_kad_post_feature_position":"","_kad_post_header":false,"_kad_post_footer":false,"footnotes":"","_tec_slr_enabled":"","_tec_slr_layout":""},"class_list":["post-2267","page","type-page","status-publish","has-post-thumbnail","hentry"],"ticketed":false,"_links":{"self":[{"href":"https:\/\/lecoinducafetier.be\/index.php?rest_route=\/wp\/v2\/pages\/2267","targetHints":{"allow":["GET"]}}],"collection":[{"href":"https:\/\/lecoinducafetier.be\/index.php?rest_route=\/wp\/v2\/pages"}],"about":[{"href":"https:\/\/lecoinducafetier.be\/index.php?rest_route=\/wp\/v2\/types\/page"}],"author":[{"embeddable":true,"href":"https:\/\/lecoinducafetier.be\/index.php?rest_route=\/wp\/v2\/users\/2"}],"replies":[{"embeddable":true,"href":"https:\/\/lecoinducafetier.be\/index.php?rest_route=%2Fwp%2Fv2%2Fcomments&post=2267"}],"version-history":[{"count":2,"href":"https:\/\/lecoinducafetier.be\/index.php?rest_route=\/wp\/v2\/pages\/2267\/revisions"}],"predecessor-version":[{"id":2269,"href":"https:\/\/lecoinducafetier.be\/index.php?rest_route=\/wp\/v2\/pages\/2267\/revisions\/2269"}],"wp:featuredmedia":[{"embeddable":true,"href":"https:\/\/lecoinducafetier.be\/index.php?rest_route=\/wp\/v2\/media\/870"}],"wp:attachment":[{"href":"https:\/\/lecoinducafetier.be\/index.php?rest_route=%2Fwp%2Fv2%2Fmedia&parent=2267"}],"curies":[{"name":"wp","href":"https:\/\/api.w.org\/{rel}","templated":true}]}}