{"id":1555,"date":"2025-03-09T18:47:34","date_gmt":"2025-03-09T17:47:34","guid":{"rendered":"https:\/\/lecoinducafetier.be\/?page_id=1555"},"modified":"2025-03-25T18:18:53","modified_gmt":"2025-03-25T17:18:53","slug":"achat-vente-de-cartes-2","status":"publish","type":"page","link":"https:\/\/lecoinducafetier.be\/?page_id=1555","title":{"rendered":"Achat &amp; Vente de Cartes"},"content":{"rendered":"<style>.kb-row-layout-wrap.wp-block-kadence-rowlayout.kb-row-layout-id1555_1cca99-74{margin-top:20px;margin-bottom:0px;}.kb-row-layout-id1555_1cca99-74 > .kt-row-column-wrap{align-content:start;}:where(.kb-row-layout-id1555_1cca99-74 > .kt-row-column-wrap) > .wp-block-kadence-column{justify-content:start;}.kb-row-layout-id1555_1cca99-74 > .kt-row-column-wrap{column-gap:var(--global-kb-gap-none, 0rem );row-gap:var(--global-kb-gap-none, 0rem );max-width:1140px;margin-left:auto;margin-right:auto;padding-top:98px;padding-right:0px;padding-bottom:20px;padding-left:0px;grid-template-columns:minmax(0, 1fr);}.kb-row-layout-id1555_1cca99-74 > .kt-row-layout-overlay{opacity:0.15;background-image:url('http:\/\/lecoinducafetier.be\/wp-content\/uploads\/sites\/50\/2021\/09\/pexels-\u7adf\u50b2-\u6c64-4447735.jpg');background-size:cover;background-position:center center;background-attachment:scroll;background-repeat:no-repeat;mix-blend-mode:luminosity;}@media all and (max-width: 1024px){.kb-row-layout-id1555_1cca99-74 > .kt-row-column-wrap{padding-top:120px;padding-right:0px;padding-bottom:10px;padding-left:0px;grid-template-columns:minmax(0, 1fr);}}@media all and (max-width: 767px){.kb-row-layout-id1555_1cca99-74 > .kt-row-column-wrap{padding-top:100px;padding-right:20px;padding-bottom:10px;padding-left:20px;grid-template-columns:minmax(0, 1fr);}}<\/style><div class=\"kb-row-layout-wrap kb-row-layout-id1555_1cca99-74 alignnone kt-row-has-bg wp-block-kadence-rowlayout\"><div class=\"kt-row-layout-overlay kt-row-overlay-normal\"><\/div><div class=\"kt-row-column-wrap kt-has-1-columns kt-row-layout-equal kt-tab-layout-inherit kt-mobile-layout-row kt-row-valign-top\">\n<style>.kadence-column1555_d61292-d3 > .kt-inside-inner-col{padding-top:0px;padding-right:0px;padding-bottom:0px;padding-left:0px;}.kadence-column1555_d61292-d3 > .kt-inside-inner-col,.kadence-column1555_d61292-d3 > .kt-inside-inner-col:before{border-top-left-radius:0px;border-top-right-radius:0px;border-bottom-right-radius:0px;border-bottom-left-radius:0px;}.kadence-column1555_d61292-d3 > .kt-inside-inner-col{column-gap:var(--global-kb-gap-sm, 1rem);}.kadence-column1555_d61292-d3 > .kt-inside-inner-col{flex-direction:column;}.kadence-column1555_d61292-d3 > .kt-inside-inner-col > .aligncenter{width:100%;}.kadence-column1555_d61292-d3 > .kt-inside-inner-col:before{opacity:0.3;}.kadence-column1555_d61292-d3{position:relative;}@media all and (max-width: 1024px){.kadence-column1555_d61292-d3 > .kt-inside-inner-col{flex-direction:column;}}@media all and (max-width: 767px){.kadence-column1555_d61292-d3 > .kt-inside-inner-col{flex-direction:column;}}<\/style>\n<div class=\"wp-block-kadence-column kadence-column1555_d61292-d3 inner-column-1\"><div class=\"kt-inside-inner-col\"><style>.kb-row-layout-wrap.wp-block-kadence-rowlayout.kb-row-layout-id1555_3b9fbe-86{margin-top:0px;margin-bottom:0px;}.kb-row-layout-id1555_3b9fbe-86 > .kt-row-column-wrap{align-content:start;}:where(.kb-row-layout-id1555_3b9fbe-86 > .kt-row-column-wrap) > .wp-block-kadence-column{justify-content:start;}.kb-row-layout-id1555_3b9fbe-86 > .kt-row-column-wrap{column-gap:var(--global-kb-gap-none, 0rem );row-gap:var(--global-kb-gap-none, 0rem );max-width:800px;margin-left:auto;margin-right:auto;padding-top:0px;padding-right:0px;padding-bottom:0px;padding-left:0px;grid-template-columns:minmax(0, 1fr);}.kb-row-layout-id1555_3b9fbe-86 > .kt-row-layout-overlay{opacity:0.30;}@media all and (max-width: 1024px){.kb-row-layout-id1555_3b9fbe-86 > .kt-row-column-wrap{grid-template-columns:minmax(0, 1fr);}}@media all and (max-width: 767px){.kb-row-layout-id1555_3b9fbe-86 > .kt-row-column-wrap{grid-template-columns:minmax(0, 1fr);}}<\/style><div class=\"kb-row-layout-wrap kb-row-layout-id1555_3b9fbe-86 alignnone wp-block-kadence-rowlayout\"><div class=\"kt-row-column-wrap kt-has-1-columns kt-row-layout-equal kt-tab-layout-inherit kt-mobile-layout-row kt-row-valign-top\">\n<style>.kadence-column1555_46c46c-3a > .kt-inside-inner-col{padding-top:10px;padding-right:10px;padding-bottom:10px;padding-left:10px;}.kadence-column1555_46c46c-3a > .kt-inside-inner-col,.kadence-column1555_46c46c-3a > .kt-inside-inner-col:before{border-top-left-radius:0px;border-top-right-radius:0px;border-bottom-right-radius:0px;border-bottom-left-radius:0px;}.kadence-column1555_46c46c-3a > .kt-inside-inner-col{column-gap:var(--global-kb-gap-sm, 1rem);}.kadence-column1555_46c46c-3a > .kt-inside-inner-col{flex-direction:column;}.kadence-column1555_46c46c-3a > .kt-inside-inner-col > .aligncenter{width:100%;}.kadence-column1555_46c46c-3a > .kt-inside-inner-col:before{opacity:0.3;}.kadence-column1555_46c46c-3a{position:relative;}@media all and (max-width: 1024px){.kadence-column1555_46c46c-3a > .kt-inside-inner-col{flex-direction:column;}}@media all and (max-width: 767px){.kadence-column1555_46c46c-3a > .kt-inside-inner-col{flex-direction:column;}}<\/style>\n<div class=\"wp-block-kadence-column kadence-column1555_46c46c-3a inner-column-1\"><div class=\"kt-inside-inner-col\"><style>.wp-block-kadence-advancedheading.kt-adv-heading1555_849c1c-82, .wp-block-kadence-advancedheading.kt-adv-heading1555_849c1c-82[data-kb-block=\"kb-adv-heading1555_849c1c-82\"]{margin-top:0px;margin-right:0px;margin-bottom:20px;margin-left:0px;text-align:center;line-height:1em;font-style:normal;}.wp-block-kadence-advancedheading.kt-adv-heading1555_849c1c-82 mark.kt-highlight, .wp-block-kadence-advancedheading.kt-adv-heading1555_849c1c-82[data-kb-block=\"kb-adv-heading1555_849c1c-82\"] mark.kt-highlight{font-style:normal;color:#f76a0c;-webkit-box-decoration-break:clone;box-decoration-break:clone;padding-top:0px;padding-right:0px;padding-bottom:0px;padding-left:0px;}@media all and (max-width: 1024px){.wp-block-kadence-advancedheading.kt-adv-heading1555_849c1c-82, .wp-block-kadence-advancedheading.kt-adv-heading1555_849c1c-82[data-kb-block=\"kb-adv-heading1555_849c1c-82\"]{margin-bottom:17px;}}@media all and (max-width: 767px){.wp-block-kadence-advancedheading.kt-adv-heading1555_849c1c-82, .wp-block-kadence-advancedheading.kt-adv-heading1555_849c1c-82[data-kb-block=\"kb-adv-heading1555_849c1c-82\"]{margin-bottom:30px;}}<\/style>\n<h1 class=\"kt-adv-heading1555_849c1c-82 wp-block-kadence-advancedheading\" data-kb-block=\"kb-adv-heading1555_849c1c-82\">Achat &amp; Vente de Cartes\u200b<\/h1>\n\n\n<style>.wp-block-kadence-advancedheading.kt-adv-heading1555_c1ce0a-d5, .wp-block-kadence-advancedheading.kt-adv-heading1555_c1ce0a-d5[data-kb-block=\"kb-adv-heading1555_c1ce0a-d5\"]{text-align:center;font-style:normal;}.wp-block-kadence-advancedheading.kt-adv-heading1555_c1ce0a-d5 mark.kt-highlight, .wp-block-kadence-advancedheading.kt-adv-heading1555_c1ce0a-d5[data-kb-block=\"kb-adv-heading1555_c1ce0a-d5\"] mark.kt-highlight{font-style:normal;color:#f76a0c;-webkit-box-decoration-break:clone;box-decoration-break:clone;padding-top:0px;padding-right:0px;padding-bottom:0px;padding-left:0px;}<\/style>\n<p class=\"kt-adv-heading1555_c1ce0a-d5 wp-block-kadence-advancedheading\" data-kb-block=\"kb-adv-heading1555_c1ce0a-d5\">Avis \u00e0 tous les passionn\u00e9s de cartes <strong>Pok\u00e9mon\u00a9<\/strong> et <strong>One Piece\u00a9<\/strong> !<br>Le Coin du Cafetier \u00e9largit son offre pour vous proposer une exp\u00e9rience unique :<\/p>\n\n\n\n<ul class=\"wp-block-list\">\n<li><strong>Cartes \u00e0 l&rsquo;unit\u00e9<\/strong><br>Vous recherchez une carte sp\u00e9cifique pour compl\u00e9ter votre collection ou renforcer votre deck ? D\u00e9couvrez d\u00e8s maintenant notre s\u00e9lection de cartes \u00e0 l&rsquo;unit\u00e9.<br>__________________<br><\/li>\n\n\n\n<li><strong>Boosters et displays<br><\/strong>Pr\u00e9parez-vous \u00e0 vivre l&rsquo;excitation de l&rsquo;ouverture de boosters et de displays ! <br>Bient\u00f4t disponibles sur notre site, les derni\u00e8res extensions Pok\u00e9mon<strong>\u00a9<\/strong> et One Piece<strong>\u00a9<\/strong>.<br>_________________<br><\/li>\n\n\n\n<li><strong>Livraison \u00e0 domicile<br><\/strong>Recevez vos cartes directement chez vous, en toute simplicit\u00e9.<br>____________________<br><\/li>\n\n\n\n<li><strong>Vendez votre collection<br><\/strong>Vous souhaitez vous s\u00e9parer de votre collection de cartes ?<br>Contactez-nous \u00e0 l&rsquo;adresse ci-dessous.\u00a0<br>____________________<\/li>\n\n\n\n<li><strong>D\u00e9couvrez encore plus sur notre Instagram<br><\/strong>Si vous n&rsquo;y trouvez pas ce que vous recherchez, n&rsquo;h\u00e9sitez pas \u00e0 nous contacter et nous verrons ensemble.<\/li>\n<\/ul>\n\n\n\n<ul class=\"wp-block-social-links is-content-justification-center is-layout-flex wp-container-core-social-links-is-layout-16018d1d wp-block-social-links-is-layout-flex\"><li class=\"wp-social-link wp-social-link-instagram  wp-block-social-link\"><a href=\"https:\/\/www.instagram.com\/lecoinducafetier?utm_source=qr&#038;igsh=Y3BtYTI2Y21kOXdk\" class=\"wp-block-social-link-anchor\"><svg width=\"24\" height=\"24\" viewBox=\"0 0 24 24\" version=\"1.1\" xmlns=\"http:\/\/www.w3.org\/2000\/svg\" aria-hidden=\"true\" focusable=\"false\"><path d=\"M12,4.622c2.403,0,2.688,0.009,3.637,0.052c0.877,0.04,1.354,0.187,1.671,0.31c0.42,0.163,0.72,0.358,1.035,0.673 c0.315,0.315,0.51,0.615,0.673,1.035c0.123,0.317,0.27,0.794,0.31,1.671c0.043,0.949,0.052,1.234,0.052,3.637 s-0.009,2.688-0.052,3.637c-0.04,0.877-0.187,1.354-0.31,1.671c-0.163,0.42-0.358,0.72-0.673,1.035 c-0.315,0.315-0.615,0.51-1.035,0.673c-0.317,0.123-0.794,0.27-1.671,0.31c-0.949,0.043-1.233,0.052-3.637,0.052 s-2.688-0.009-3.637-0.052c-0.877-0.04-1.354-0.187-1.671-0.31c-0.42-0.163-0.72-0.358-1.035-0.673 c-0.315-0.315-0.51-0.615-0.673-1.035c-0.123-0.317-0.27-0.794-0.31-1.671C4.631,14.688,4.622,14.403,4.622,12 s0.009-2.688,0.052-3.637c0.04-0.877,0.187-1.354,0.31-1.671c0.163-0.42,0.358-0.72,0.673-1.035 c0.315-0.315,0.615-0.51,1.035-0.673c0.317-0.123,0.794-0.27,1.671-0.31C9.312,4.631,9.597,4.622,12,4.622 M12,3 C9.556,3,9.249,3.01,8.289,3.054C7.331,3.098,6.677,3.25,6.105,3.472C5.513,3.702,5.011,4.01,4.511,4.511 c-0.5,0.5-0.808,1.002-1.038,1.594C3.25,6.677,3.098,7.331,3.054,8.289C3.01,9.249,3,9.556,3,12c0,2.444,0.01,2.751,0.054,3.711 c0.044,0.958,0.196,1.612,0.418,2.185c0.23,0.592,0.538,1.094,1.038,1.594c0.5,0.5,1.002,0.808,1.594,1.038 c0.572,0.222,1.227,0.375,2.185,0.418C9.249,20.99,9.556,21,12,21s2.751-0.01,3.711-0.054c0.958-0.044,1.612-0.196,2.185-0.418 c0.592-0.23,1.094-0.538,1.594-1.038c0.5-0.5,0.808-1.002,1.038-1.594c0.222-0.572,0.375-1.227,0.418-2.185 C20.99,14.751,21,14.444,21,12s-0.01-2.751-0.054-3.711c-0.044-0.958-0.196-1.612-0.418-2.185c-0.23-0.592-0.538-1.094-1.038-1.594 c-0.5-0.5-1.002-0.808-1.594-1.038c-0.572-0.222-1.227-0.375-2.185-0.418C14.751,3.01,14.444,3,12,3L12,3z M12,7.378 c-2.552,0-4.622,2.069-4.622,4.622S9.448,16.622,12,16.622s4.622-2.069,4.622-4.622S14.552,7.378,12,7.378z M12,15 c-1.657,0-3-1.343-3-3s1.343-3,3-3s3,1.343,3,3S13.657,15,12,15z M16.804,6.116c-0.596,0-1.08,0.484-1.08,1.08 s0.484,1.08,1.08,1.08c0.596,0,1.08-0.484,1.08-1.08S17.401,6.116,16.804,6.116z\"><\/path><\/svg><span class=\"wp-block-social-link-label screen-reader-text\">Instagram<\/span><\/a><\/li><\/ul>\n\n\n\n<p class=\"has-text-align-center\"><strong><a href=\"mailto:lecoinducafetier.gdv@gmail.com\" target=\"_blank\" rel=\"noreferrer noopener\"><u>lecoinducafetier.gdv@gmail.com<\/u><\/a>&nbsp;<\/strong><br>Pour une estimation et une offre personnalis\u00e9e veuillez utiliser notre page CONTACT.<br>Restez connect\u00e9s pour ne manquer aucune de nos nouveaut\u00e9s et offres sp\u00e9ciales !<br><\/p>\n\n\n<style>.wp-block-kadence-advancedbtn.kb-btns1555_8638ed-3b{gap:var(--global-kb-gap-xs, 0.5rem );justify-content:center;align-items:center;}.kt-btns1555_8638ed-3b .kt-button{font-weight:normal;font-style:normal;}<\/style>\n<div class=\"wp-block-kadence-advancedbtn kb-buttons-wrap kb-btns1555_8638ed-3b\"><style>ul.menu .wp-block-kadence-advancedbtn .kb-btn1555_01a561-cc.kb-button{width:initial;}@media all and (max-width: 1024px){.kb-btn1555_01a561-cc.kb-button .kb-svg-icon-wrap{display:block;}}<\/style><a class=\"kb-button kt-button button kb-btn1555_01a561-cc kt-btn-size-standard kt-btn-width-type-auto kb-btn-global-inherit kt-btn-has-text-true kt-btn-has-svg-false wp-block-button__link wp-block-kadence-singlebtn\" href=\"http:\/\/www.lecoinducafetier.be\/?page_id=659\"><span class=\"kt-btn-inner-text\">contact\u200b<\/span><\/a><\/div>\n<\/div><\/div>\n\n<\/div><\/div><\/div><\/div>\n\n<\/div><\/div>\n\n\n<p><\/p>\n","protected":false},"excerpt":{"rendered":"<p>Achat &amp; Vente de Cartes\u200b Avis \u00e0 tous les passionn\u00e9s de cartes Pok\u00e9mon\u00a9 et One Piece\u00a9 !Le Coin du Cafetier \u00e9largit son offre pour vous proposer une exp\u00e9rience unique :&#8230;<\/p>\n","protected":false},"author":2,"featured_media":870,"parent":0,"menu_order":0,"comment_status":"closed","ping_status":"closed","template":"","meta":{"_price":"","_stock":"","_tribe_ticket_header":"","_tribe_default_ticket_provider":"","_tribe_ticket_capacity":"0","_ticket_start_date":"","_ticket_end_date":"","_tribe_ticket_show_description":"","_tribe_ticket_show_not_going":false,"_tribe_ticket_use_global_stock":"","_tribe_ticket_global_stock_level":"","_global_stock_mode":"","_global_stock_cap":"","_tribe_rsvp_for_event":"","_tribe_ticket_going_count":"","_tribe_ticket_not_going_count":"","_tribe_tickets_list":"[]","_tribe_ticket_has_attendee_info_fields":false,"_EventAllDay":false,"_EventTimezone":"","_EventStartDate":"","_EventEndDate":"","_EventStartDateUTC":"","_EventEndDateUTC":"","_EventShowMap":false,"_EventShowMapLink":false,"_EventURL":"","_EventCost":"","_EventCostDescription":"","_EventCurrencySymbol":"","_EventCurrencyCode":"","_EventCurrencyPosition":"","_EventDateTimeSeparator":"","_EventTimeRangeSeparator":"","_EventOrganizerID":[],"_EventVenueID":[],"_OrganizerEmail":"","_OrganizerPhone":"","_OrganizerWebsite":"","_VenueAddress":"","_VenueCity":"","_VenueCountry":"","_VenueProvince":"","_VenueState":"","_VenueZip":"","_VenuePhone":"","_VenueURL":"","_VenueStateProvince":"","_VenueLat":"","_VenueLng":"","_VenueShowMap":false,"_VenueShowMapLink":false,"_kadence_starter_templates_imported_post":true,"_kad_post_transparent":"","_kad_post_title":"hide","_kad_post_layout":"default","_kad_post_sidebar_id":"","_kad_post_content_style":"boxed","_kad_post_vertical_padding":"hide","_kad_post_feature":"hide","_kad_post_feature_position":"","_kad_post_header":false,"_kad_post_footer":false,"footnotes":"","_tec_slr_enabled":"","_tec_slr_layout":""},"class_list":["post-1555","page","type-page","status-publish","has-post-thumbnail","hentry"],"ticketed":false,"_links":{"self":[{"href":"https:\/\/lecoinducafetier.be\/index.php?rest_route=\/wp\/v2\/pages\/1555","targetHints":{"allow":["GET"]}}],"collection":[{"href":"https:\/\/lecoinducafetier.be\/index.php?rest_route=\/wp\/v2\/pages"}],"about":[{"href":"https:\/\/lecoinducafetier.be\/index.php?rest_route=\/wp\/v2\/types\/page"}],"author":[{"embeddable":true,"href":"https:\/\/lecoinducafetier.be\/index.php?rest_route=\/wp\/v2\/users\/2"}],"replies":[{"embeddable":true,"href":"https:\/\/lecoinducafetier.be\/index.php?rest_route=%2Fwp%2Fv2%2Fcomments&post=1555"}],"version-history":[{"count":20,"href":"https:\/\/lecoinducafetier.be\/index.php?rest_route=\/wp\/v2\/pages\/1555\/revisions"}],"predecessor-version":[{"id":2117,"href":"https:\/\/lecoinducafetier.be\/index.php?rest_route=\/wp\/v2\/pages\/1555\/revisions\/2117"}],"wp:featuredmedia":[{"embeddable":true,"href":"https:\/\/lecoinducafetier.be\/index.php?rest_route=\/wp\/v2\/media\/870"}],"wp:attachment":[{"href":"https:\/\/lecoinducafetier.be\/index.php?rest_route=%2Fwp%2Fv2%2Fmedia&parent=1555"}],"curies":[{"name":"wp","href":"https:\/\/api.w.org\/{rel}","templated":true}]}}