{"id":1160,"date":"2025-03-06T01:34:22","date_gmt":"2025-03-06T00:34:22","guid":{"rendered":"https:\/\/lecoinducafetier.be\/?page_id=1160"},"modified":"2025-03-19T01:34:08","modified_gmt":"2025-03-19T00:34:08","slug":"1160-2","status":"publish","type":"page","link":"https:\/\/lecoinducafetier.be\/?page_id=1160","title":{"rendered":"Livre d&rsquo;Or"},"content":{"rendered":"<style>.kb-row-layout-wrap.wp-block-kadence-rowlayout.kb-row-layout-id1160_be54eb-94{margin-top:10px;margin-bottom:0px;}.kb-row-layout-id1160_be54eb-94 > .kt-row-column-wrap{align-content:start;}:where(.kb-row-layout-id1160_be54eb-94 > .kt-row-column-wrap) > .wp-block-kadence-column{justify-content:start;}.kb-row-layout-id1160_be54eb-94 > .kt-row-column-wrap{column-gap:var(--global-kb-gap-none, 0rem );row-gap:var(--global-kb-gap-none, 0rem );max-width:1140px;margin-left:auto;margin-right:auto;padding-top:10px;grid-template-columns:minmax(0, 1fr);}.kb-row-layout-id1160_be54eb-94 > .kt-row-layout-overlay{opacity:0.15;background-image:url('http:\/\/lecoinducafetier.be\/wp-content\/uploads\/sites\/50\/2021\/09\/pexels-\u7adf\u50b2-\u6c64-4447735.jpg');background-size:cover;background-position:center center;background-attachment:scroll;background-repeat:no-repeat;mix-blend-mode:luminosity;}@media all and (max-width: 1024px){.kb-row-layout-id1160_be54eb-94 > .kt-row-column-wrap{padding-top:120px;padding-right:0px;padding-bottom:10px;padding-left:0px;grid-template-columns:minmax(0, 1fr);}}@media all and (max-width: 767px){.kb-row-layout-id1160_be54eb-94 > .kt-row-column-wrap{padding-top:100px;padding-right:20px;padding-bottom:10px;padding-left:20px;grid-template-columns:minmax(0, 1fr);}}<\/style><div class=\"kb-row-layout-wrap kb-row-layout-id1160_be54eb-94 alignnone kt-row-has-bg wp-block-kadence-rowlayout\"><div class=\"kt-row-layout-overlay kt-row-overlay-normal\"><\/div><div class=\"kt-row-column-wrap kt-has-1-columns kt-row-layout-equal kt-tab-layout-inherit kt-mobile-layout-row kt-row-valign-top\">\n<style>.kadence-column1160_01a7d7-3d > .kt-inside-inner-col{padding-top:0px;padding-right:0px;padding-bottom:0px;padding-left:0px;}.kadence-column1160_01a7d7-3d > .kt-inside-inner-col,.kadence-column1160_01a7d7-3d > .kt-inside-inner-col:before{border-top-left-radius:0px;border-top-right-radius:0px;border-bottom-right-radius:0px;border-bottom-left-radius:0px;}.kadence-column1160_01a7d7-3d > .kt-inside-inner-col{column-gap:var(--global-kb-gap-sm, 1rem);}.kadence-column1160_01a7d7-3d > .kt-inside-inner-col{flex-direction:column;}.kadence-column1160_01a7d7-3d > .kt-inside-inner-col > .aligncenter{width:100%;}.kadence-column1160_01a7d7-3d > .kt-inside-inner-col:before{opacity:0.3;}.kadence-column1160_01a7d7-3d{position:relative;}@media all and (max-width: 1024px){.kadence-column1160_01a7d7-3d > .kt-inside-inner-col{flex-direction:column;}}@media all and (max-width: 767px){.kadence-column1160_01a7d7-3d > .kt-inside-inner-col{flex-direction:column;}}<\/style>\n<div class=\"wp-block-kadence-column kadence-column1160_01a7d7-3d inner-column-1\"><div class=\"kt-inside-inner-col\"><style>.kb-row-layout-wrap.wp-block-kadence-rowlayout.kb-row-layout-id1160_705612-2c{margin-top:0px;margin-bottom:0px;}.kb-row-layout-id1160_705612-2c > .kt-row-column-wrap{align-content:start;}:where(.kb-row-layout-id1160_705612-2c > .kt-row-column-wrap) > .wp-block-kadence-column{justify-content:start;}.kb-row-layout-id1160_705612-2c > .kt-row-column-wrap{column-gap:var(--global-kb-gap-none, 0rem );row-gap:var(--global-kb-gap-none, 0rem );max-width:800px;margin-left:auto;margin-right:auto;padding-top:0px;padding-right:0px;padding-bottom:0px;padding-left:0px;grid-template-columns:minmax(0, 1fr);}.kb-row-layout-id1160_705612-2c > .kt-row-layout-overlay{opacity:0.30;}@media all and (max-width: 1024px){.kb-row-layout-id1160_705612-2c > .kt-row-column-wrap{grid-template-columns:minmax(0, 1fr);}}@media all and (max-width: 767px){.kb-row-layout-id1160_705612-2c > .kt-row-column-wrap{grid-template-columns:minmax(0, 1fr);}}<\/style><div class=\"kb-row-layout-wrap kb-row-layout-id1160_705612-2c alignnone wp-block-kadence-rowlayout\"><div class=\"kt-row-column-wrap kt-has-1-columns kt-row-layout-equal kt-tab-layout-inherit kt-mobile-layout-row kt-row-valign-top\">\n<style>.kadence-column1160_a5416c-f7 > .kt-inside-inner-col{padding-top:10px;padding-right:10px;padding-bottom:10px;padding-left:10px;}.kadence-column1160_a5416c-f7 > .kt-inside-inner-col,.kadence-column1160_a5416c-f7 > .kt-inside-inner-col:before{border-top-left-radius:0px;border-top-right-radius:0px;border-bottom-right-radius:0px;border-bottom-left-radius:0px;}.kadence-column1160_a5416c-f7 > .kt-inside-inner-col{column-gap:var(--global-kb-gap-sm, 1rem);}.kadence-column1160_a5416c-f7 > .kt-inside-inner-col{flex-direction:column;}.kadence-column1160_a5416c-f7 > .kt-inside-inner-col > .aligncenter{width:100%;}.kadence-column1160_a5416c-f7 > .kt-inside-inner-col:before{opacity:0.3;}.kadence-column1160_a5416c-f7{position:relative;}@media all and (max-width: 1024px){.kadence-column1160_a5416c-f7 > .kt-inside-inner-col{flex-direction:column;}}@media all and (max-width: 767px){.kadence-column1160_a5416c-f7 > .kt-inside-inner-col{flex-direction:column;}}<\/style>\n<div class=\"wp-block-kadence-column kadence-column1160_a5416c-f7 inner-column-1\"><div class=\"kt-inside-inner-col\">\n<div class=\"wp-block-group\"><div class=\"wp-block-group__inner-container is-layout-constrained wp-block-group-is-layout-constrained\">\n<h2 class=\"wp-block-heading has-text-align-center\">Bienvenue dans notre Livre d&rsquo;OR<\/h2>\n\n\n<style>.wp-block-kadence-advancedheading.kt-adv-heading1160_b9f2bc-15, .wp-block-kadence-advancedheading.kt-adv-heading1160_b9f2bc-15[data-kb-block=\"kb-adv-heading1160_b9f2bc-15\"]{text-align:center;font-style:normal;}.wp-block-kadence-advancedheading.kt-adv-heading1160_b9f2bc-15 mark.kt-highlight, .wp-block-kadence-advancedheading.kt-adv-heading1160_b9f2bc-15[data-kb-block=\"kb-adv-heading1160_b9f2bc-15\"] mark.kt-highlight{font-style:normal;color:#f76a0c;-webkit-box-decoration-break:clone;box-decoration-break:clone;padding-top:0px;padding-right:0px;padding-bottom:0px;padding-left:0px;}<\/style>\n<p class=\"kt-adv-heading1160_b9f2bc-15 wp-block-kadence-advancedheading\" data-kb-block=\"kb-adv-heading1160_b9f2bc-15\"><strong>Votre avis est tr\u00e8s important pour nous.<br>Nous vous rappelons quelques r\u00e8gles \u00e0 respecter si vous d\u00e9sirez laisser un message :<\/strong><\/p>\n\n\n\n<ul class=\"wp-block-list\">\n<li>Soyez respectueux.<\/li>\n\n\n\n<li>Soyez pr\u00e9cis et clair.<\/li>\n\n\n\n<li>Restez constructif.<\/li>\n\n\n\n<li>\u00c9vitez les insultes et les propos agressifs.<\/li>\n\n\n\n<li>Soyez honn\u00eate.<\/li>\n\n\n\n<li>Respectez la diversit\u00e9 des opinions.<\/li>\n\n\n\n<li>Restez courtois m\u00eame en cas de d\u00e9saccord.<\/li>\n<\/ul>\n<\/div><\/div>\n<\/div><\/div>\n\n<\/div><\/div><\/div><\/div>\n\n<\/div><\/div>\n\n<style>.kb-row-layout-id1160_306711-59 > .kt-row-column-wrap{align-content:start;}:where(.kb-row-layout-id1160_306711-59 > .kt-row-column-wrap) > .wp-block-kadence-column{justify-content:start;}.kb-row-layout-id1160_306711-59 > .kt-row-column-wrap{column-gap:var(--global-kb-gap-md, 2rem);row-gap:var(--global-kb-gap-md, 2rem);max-width:800px;margin-left:auto;margin-right:auto;padding-top:var(--global-kb-spacing-sm, 1.5rem);padding-bottom:0px;grid-template-columns:minmax(0, 1fr);}.kb-row-layout-id1160_306711-59 > .kt-row-layout-overlay{opacity:0.30;}@media all and (max-width: 1024px){.kb-row-layout-id1160_306711-59 > .kt-row-column-wrap{grid-template-columns:minmax(0, 1fr);}}@media all and (max-width: 767px){.kb-row-layout-id1160_306711-59 > .kt-row-column-wrap{grid-template-columns:minmax(0, 1fr);}}<\/style><div class=\"kb-row-layout-wrap kb-row-layout-id1160_306711-59 alignnone wp-block-kadence-rowlayout\"><div class=\"kt-row-column-wrap kt-has-1-columns kt-row-layout-equal kt-tab-layout-inherit kt-mobile-layout-row kt-row-valign-top\">\n<style>.kadence-column1160_54ec99-9f > .kt-inside-inner-col,.kadence-column1160_54ec99-9f > .kt-inside-inner-col:before{border-top-left-radius:0px;border-top-right-radius:0px;border-bottom-right-radius:0px;border-bottom-left-radius:0px;}.kadence-column1160_54ec99-9f > .kt-inside-inner-col{column-gap:var(--global-kb-gap-sm, 1rem);}.kadence-column1160_54ec99-9f > .kt-inside-inner-col{flex-direction:column;}.kadence-column1160_54ec99-9f > .kt-inside-inner-col > .aligncenter{width:100%;}.kadence-column1160_54ec99-9f > .kt-inside-inner-col:before{opacity:0.3;}.kadence-column1160_54ec99-9f{position:relative;}@media all and (max-width: 1024px){.kadence-column1160_54ec99-9f > .kt-inside-inner-col{flex-direction:column;}}@media all and (max-width: 767px){.kadence-column1160_54ec99-9f > .kt-inside-inner-col{flex-direction:column;}}<\/style>\n<div class=\"wp-block-kadence-column kadence-column1160_54ec99-9f\"><div class=\"kt-inside-inner-col\">\n<div class=\"wp-block-comments\"><h2 id=\"comments\" class=\"wp-block-comments-title\">Une r\u00e9ponse \u00e0 &#8220;Livre d&rsquo;Or&#8221;<\/h2>\n\n<ol class=\"wp-block-comment-template\"><li id=\"comment-6\" class=\"comment byuser comment-author-webmaster bypostauthor even thread-even depth-1\">\n\n<div class=\"wp-block-columns is-layout-flex wp-container-core-columns-is-layout-9d6595d7 wp-block-columns-is-layout-flex\">\n<div class=\"wp-block-column is-layout-flow wp-block-column-is-layout-flow\" style=\"flex-basis:40px\"><div class=\"wp-block-avatar\"><img alt='Avatar de WebMaster' src='https:\/\/secure.gravatar.com\/avatar\/964a41cb044ad36181fae822623fb8d73d72c20445a7e7af076eb1b1a40ea0f3?s=40&#038;d=mm&#038;r=g' srcset='https:\/\/secure.gravatar.com\/avatar\/964a41cb044ad36181fae822623fb8d73d72c20445a7e7af076eb1b1a40ea0f3?s=80&#038;d=mm&#038;r=g 2x' class='avatar avatar-40 photo wp-block-avatar__image' height='40' width='40'  style=\"border-radius:20px;\"\/><\/div><\/div>\n\n\n\n<div class=\"wp-block-column is-layout-flow wp-block-column-is-layout-flow\"><div class=\"wp-block-comment-author-name has-small-font-size\">WebMaster<\/div>\n\n\n<div class=\"wp-block-group is-layout-flex wp-block-group-is-layout-flex\" style=\"margin-top:0px;margin-bottom:0px\"><div class=\"wp-block-comment-date has-small-font-size\"><time datetime=\"\"><a href=\"https:\/\/lecoinducafetier.be\/?page_id=1160&#038;cpage=1#comment-6\">  <\/a><\/time><\/div>\n\n<\/div>\n\n\n<div class=\"wp-block-comment-content\"><p>Votre avis est tr\u00e8s important pour nous.<br \/>\nNous vous rappelons quelques r\u00e8gles \u00e0 respecter si vous d\u00e9sirez laisser un message :<\/p>\n<p>Soyez respectueux.<br \/>\nSoyez pr\u00e9cis et clair.<br \/>\nRestez constructif.<br \/>\n\u00c9vitez les insultes et les propos agressifs.<br \/>\nSoyez honn\u00eate.<br \/>\nRespectez la diversit\u00e9 des opinions.<br \/>\nRestez courtois m\u00eame en cas de d\u00e9saccord.<\/p>\n<p>Merci<\/p>\n<\/div>\n\n<div class=\"wp-block-comment-reply-link has-small-font-size\"><a rel=\"nofollow\" class=\"comment-reply-link\" href=\"https:\/\/lecoinducafetier.be\/?page_id=1160&#038;cpage=1&#038;replytocom=6#respond\" data-commentid=\"6\" data-postid=\"1160\" data-belowelement=\"comment-6\" data-respondelement=\"respond\" data-replyto=\"R\u00e9pondre \u00e0 WebMaster\" aria-label=\"R\u00e9pondre \u00e0 WebMaster\">R\u00e9pondre<\/a><\/div><\/div>\n<\/div>\n\n<\/li><\/ol>\n\n\n\n\t<div id=\"respond\" class=\"comment-respond has-text-align-center wp-block-post-comments-form\">\n\t\t<h3 id=\"reply-title\" class=\"comment-reply-title\">Laisser un commentaire <small><a rel=\"nofollow\" id=\"cancel-comment-reply-link\" href=\"\/index.php?rest_route=%2Fwp%2Fv2%2Fpages%2F1160#respond\" style=\"display:none;\">Annuler la r\u00e9ponse<\/a><\/small><\/h3><form action=\"https:\/\/lecoinducafetier.be\/wp-comments-post.php\" method=\"post\" id=\"commentform\" class=\"comment-form\"><p class=\"comment-notes\"><span id=\"email-notes\">Votre adresse e-mail ne sera pas publi\u00e9e.<\/span> <span class=\"required-field-message\">Les champs obligatoires sont indiqu\u00e9s avec <span class=\"required\">*<\/span><\/span><\/p><p class=\"comment-form-comment comment-form-float-label\"><textarea id=\"comment\" name=\"comment\" placeholder=\"Laissez un commentaire...\" cols=\"45\" rows=\"8\" maxlength=\"65525\" aria-required=\"true\" required=\"required\"><\/textarea><label class=\"float-label\" for=\"comment\">Commentaire <span class=\"required\">*<\/span><\/label><\/p><div class=\"comment-input-wrap no-url-field\"><p class=\"comment-form-author\"><input aria-label=\"Nom\" id=\"author\" name=\"author\" type=\"text\" placeholder=\"John Doe\" value=\"\" size=\"30\" maxlength=\"245\" aria-required='true' required='required' \/><label class=\"float-label\" for=\"author\">Nom <span class=\"required\">*<\/span><\/label><\/p>\n<p class=\"comment-form-email\"><input aria-label=\"E-mail\" id=\"email\" name=\"email\" type=\"email\" placeholder=\"john@example.com\" value=\"\" size=\"30\" maxlength=\"100\" aria-describedby=\"email-notes\" aria-required='true' required='required' \/><label class=\"float-label\" for=\"email\">E-mail <span class=\"required\">*<\/span><\/label><\/p>\n<\/div>\n<p class=\"form-submit\"><input name=\"submit\" type=\"submit\" id=\"submit\" class=\"submit\" value=\"Laisser un commentaire\" \/> <input type='hidden' name='comment_post_ID' value='1160' id='comment_post_ID' \/>\n<input type='hidden' name='comment_parent' id='comment_parent' value='0' \/>\n<\/p><\/form>\t<\/div><!-- #respond -->\n\t<\/div>\n<\/div><\/div>\n\n<\/div><\/div>\n\n\n<p><\/p>\n","protected":false},"excerpt":{"rendered":"<p>Bienvenue dans notre Livre d&rsquo;OR Votre avis est tr\u00e8s important pour nous.Nous vous rappelons quelques r\u00e8gles \u00e0 respecter si vous d\u00e9sirez laisser un message :<\/p>\n","protected":false},"author":2,"featured_media":0,"parent":0,"menu_order":0,"comment_status":"open","ping_status":"closed","template":"","meta":{"_price":"","_stock":"","_tribe_ticket_header":"","_tribe_default_ticket_provider":"","_tribe_ticket_capacity":"0","_ticket_start_date":"","_ticket_end_date":"","_tribe_ticket_show_description":"","_tribe_ticket_show_not_going":false,"_tribe_ticket_use_global_stock":"","_tribe_ticket_global_stock_level":"","_global_stock_mode":"","_global_stock_cap":"","_tribe_rsvp_for_event":"","_tribe_ticket_going_count":"","_tribe_ticket_not_going_count":"","_tribe_tickets_list":"[]","_tribe_ticket_has_attendee_info_fields":false,"_EventAllDay":false,"_EventTimezone":"","_EventStartDate":"","_EventEndDate":"","_EventStartDateUTC":"","_EventEndDateUTC":"","_EventShowMap":false,"_EventShowMapLink":false,"_EventURL":"","_EventCost":"","_EventCostDescription":"","_EventCurrencySymbol":"","_EventCurrencyCode":"","_EventCurrencyPosition":"","_EventDateTimeSeparator":"","_EventTimeRangeSeparator":"","_EventOrganizerID":[],"_EventVenueID":[],"_OrganizerEmail":"","_OrganizerPhone":"","_OrganizerWebsite":"","_VenueAddress":"","_VenueCity":"","_VenueCountry":"","_VenueProvince":"","_VenueState":"","_VenueZip":"","_VenuePhone":"","_VenueURL":"","_VenueStateProvince":"","_VenueLat":"","_VenueLng":"","_VenueShowMap":false,"_VenueShowMapLink":false,"_kadence_starter_templates_imported_post":false,"_kad_post_transparent":"","_kad_post_title":"hide","_kad_post_layout":"","_kad_post_sidebar_id":"","_kad_post_content_style":"","_kad_post_vertical_padding":"","_kad_post_feature":"hide","_kad_post_feature_position":"","_kad_post_header":false,"_kad_post_footer":false,"footnotes":"","_tec_slr_enabled":"","_tec_slr_layout":""},"class_list":["post-1160","page","type-page","status-publish","hentry"],"ticketed":false,"_links":{"self":[{"href":"https:\/\/lecoinducafetier.be\/index.php?rest_route=\/wp\/v2\/pages\/1160","targetHints":{"allow":["GET"]}}],"collection":[{"href":"https:\/\/lecoinducafetier.be\/index.php?rest_route=\/wp\/v2\/pages"}],"about":[{"href":"https:\/\/lecoinducafetier.be\/index.php?rest_route=\/wp\/v2\/types\/page"}],"author":[{"embeddable":true,"href":"https:\/\/lecoinducafetier.be\/index.php?rest_route=\/wp\/v2\/users\/2"}],"replies":[{"embeddable":true,"href":"https:\/\/lecoinducafetier.be\/index.php?rest_route=%2Fwp%2Fv2%2Fcomments&post=1160"}],"version-history":[{"count":17,"href":"https:\/\/lecoinducafetier.be\/index.php?rest_route=\/wp\/v2\/pages\/1160\/revisions"}],"predecessor-version":[{"id":1905,"href":"https:\/\/lecoinducafetier.be\/index.php?rest_route=\/wp\/v2\/pages\/1160\/revisions\/1905"}],"wp:attachment":[{"href":"https:\/\/lecoinducafetier.be\/index.php?rest_route=%2Fwp%2Fv2%2Fmedia&parent=1160"}],"curies":[{"name":"wp","href":"https:\/\/api.w.org\/{rel}","templated":true}]}}